{"id":65,"date":"2021-06-06T16:55:27","date_gmt":"2021-06-06T16:55:27","guid":{"rendered":"http:\/\/www.kolarikorjaamomattila.fi\/?page_id=65"},"modified":"2025-03-24T19:15:58","modified_gmt":"2025-03-24T19:15:58","slug":"palvelumme","status":"publish","type":"page","link":"https:\/\/www.kolarikorjaamomattila.fi\/index.php\/palvelumme\/","title":{"rendered":"Palvelumme"},"content":{"rendered":"\n<div class=\"wp-block-cover alignfull\"><span aria-hidden=\"true\" class=\"wp-block-cover__background has-background-dim\"><\/span><img decoding=\"async\" loading=\"lazy\" width=\"2560\" height=\"1705\" class=\"wp-block-cover__image-background wp-image-87\" alt=\"\" src=\"http:\/\/www.kolarikorjaamomattila.fi\/wp-content\/uploads\/2021\/06\/winter-5814578-scaled.jpg\" data-object-fit=\"cover\" srcset=\"https:\/\/www.kolarikorjaamomattila.fi\/wp-content\/uploads\/2021\/06\/winter-5814578-scaled.jpg 2560w, https:\/\/www.kolarikorjaamomattila.fi\/wp-content\/uploads\/2021\/06\/winter-5814578-300x200.jpg 300w, https:\/\/www.kolarikorjaamomattila.fi\/wp-content\/uploads\/2021\/06\/winter-5814578-1024x682.jpg 1024w, https:\/\/www.kolarikorjaamomattila.fi\/wp-content\/uploads\/2021\/06\/winter-5814578-768x512.jpg 768w, https:\/\/www.kolarikorjaamomattila.fi\/wp-content\/uploads\/2021\/06\/winter-5814578-1536x1023.jpg 1536w, https:\/\/www.kolarikorjaamomattila.fi\/wp-content\/uploads\/2021\/06\/winter-5814578-2048x1364.jpg 2048w, https:\/\/www.kolarikorjaamomattila.fi\/wp-content\/uploads\/2021\/06\/winter-5814578-930x620.jpg 930w\" sizes=\"(max-width: 2560px) 100vw, 2560px\" \/><div class=\"wp-block-cover__inner-container\">\n<p class=\"has-text-align-center\" style=\"font-size:56px\"><strong>Mit\u00e4 me <\/strong><\/p>\n\n\n\n<p class=\"has-text-align-center\" style=\"font-size:56px\"><strong>teemme?<\/strong><\/p>\n<\/div><\/div>\n\n\n\n<ul>\n<li><strong>Hoidamme kaikki ty\u00f6t luotettavasti ammattitaidolla kuunnellen asiakkaidemme toiveita<\/strong><\/li>\n\n\n\n<li><strong>Teemme kaikki autot merkist\u00e4 ja i\u00e4st\u00e4 riippumatta yksityisille, yrityksille sek\u00e4 vakuutusyhti\u00f6ille<\/strong><\/li>\n\n\n\n<li><strong>Kolarikorjaukset<\/strong><\/li>\n\n\n\n<li><strong>Maalausty\u00f6t<\/strong> k\u00e4ytt\u00e4en vain laadukkaimpia vesiohenteisia Standox-automaaleja<\/li>\n\n\n\n<li><strong>Erikoismaalaukset<\/strong><\/li>\n\n\n\n<li><strong>Muovikorjaukset<\/strong><\/li>\n\n\n\n<li><strong>Vakuutusyhti\u00f6iden vahinkotarkastukset ja korvaamat vauriot<\/strong><\/li>\n\n\n\n<li><strong>Ruostekorjaukset<\/strong><\/li>\n\n\n\n<li><strong>Tuulilasipalvelut<\/strong><\/li>\n\n\n\n<li><strong>Renkaat<\/strong><\/li>\n\n\n\n<li><strong>Kysy rohkeasti my\u00f6s muista t\u00f6ist\u00e4!<\/strong><\/li>\n<\/ul>\n\n\n\n<h2 class=\"has-nv-light-bg-background-color has-background\">Hinnasto<\/h2>\n\n\n\n<p class=\"has-nv-light-bg-background-color has-background\">Tuntiveloitus 87\u20ac\/h<\/p>\n\n\n\n<p class=\"has-nv-light-bg-background-color has-background\">Ruostevaurion korjaukset 100\u20ac\/h<\/p>\n\n\n\n<p class=\"has-nv-light-bg-background-color has-background\">Renkaiden vaihto 30\u20ac<\/p>\n","protected":false},"excerpt":{"rendered":"<p>Hinnasto Tuntiveloitus 87\u20ac\/h Ruostevaurion korjaukset 100\u20ac\/h Renkaiden vaihto 30\u20ac<\/p>\n","protected":false},"author":1,"featured_media":0,"parent":0,"menu_order":0,"comment_status":"closed","ping_status":"closed","template":"","meta":{"neve_meta_sidebar":"","neve_meta_container":"","neve_meta_enable_content_width":"","neve_meta_content_width":0,"neve_meta_title_alignment":"","neve_meta_author_avatar":"","neve_post_elements_order":"","neve_meta_disable_header":"","neve_meta_disable_footer":"","neve_meta_disable_title":""},"_links":{"self":[{"href":"https:\/\/www.kolarikorjaamomattila.fi\/index.php\/wp-json\/wp\/v2\/pages\/65"}],"collection":[{"href":"https:\/\/www.kolarikorjaamomattila.fi\/index.php\/wp-json\/wp\/v2\/pages"}],"about":[{"href":"https:\/\/www.kolarikorjaamomattila.fi\/index.php\/wp-json\/wp\/v2\/types\/page"}],"author":[{"embeddable":true,"href":"https:\/\/www.kolarikorjaamomattila.fi\/index.php\/wp-json\/wp\/v2\/users\/1"}],"replies":[{"embeddable":true,"href":"https:\/\/www.kolarikorjaamomattila.fi\/index.php\/wp-json\/wp\/v2\/comments?post=65"}],"version-history":[{"count":11,"href":"https:\/\/www.kolarikorjaamomattila.fi\/index.php\/wp-json\/wp\/v2\/pages\/65\/revisions"}],"predecessor-version":[{"id":266,"href":"https:\/\/www.kolarikorjaamomattila.fi\/index.php\/wp-json\/wp\/v2\/pages\/65\/revisions\/266"}],"wp:attachment":[{"href":"https:\/\/www.kolarikorjaamomattila.fi\/index.php\/wp-json\/wp\/v2\/media?parent=65"}],"curies":[{"name":"wp","href":"https:\/\/api.w.org\/{rel}","templated":true}]}}