{"id":8,"date":"2021-06-04T08:55:54","date_gmt":"2021-06-04T08:55:54","guid":{"rendered":"http:\/\/www.kolarikorjaamomattila.fi\/?page_id=8"},"modified":"2021-12-17T18:15:52","modified_gmt":"2021-12-17T18:15:52","slug":"about","status":"publish","type":"page","link":"https:\/\/www.kolarikorjaamomattila.fi\/index.php\/about\/","title":{"rendered":"Meist\u00e4"},"content":{"rendered":"\n<div class=\"wp-block-cover alignfull has-nv-site-bg-background-color has-background-dim\" style=\"min-height:300px\"><div class=\"wp-block-cover__inner-container\">\n<div class=\"is-layout-flow wp-block-group\"><div class=\"wp-block-group__inner-container\">\n<h1 class=\"has-text-align-left has-neve-text-color-color has-text-color\">Keit\u00e4 me olemme?<\/h1>\n<\/div><\/div>\n<\/div><\/div>\n\n\n\n<div class=\"wp-block-cover alignfull has-nv-light-bg-background-color has-background-dim\" style=\"min-height:600px\"><div class=\"wp-block-cover__inner-container\">\n<div class=\"is-layout-flow wp-block-group\"><div class=\"wp-block-group__inner-container\">\n<div style=\"height:80px\" aria-hidden=\"true\" class=\"wp-block-spacer\"><\/div>\n\n\n\n<h2 class=\"has-text-align-right has-neve-text-color-color has-text-color\">Yrityksen tarina <\/h2>\n\n\n\n<div class=\"is-layout-flex wp-container-4 wp-block-columns are-vertically-aligned-center\">\n<div class=\"is-layout-flow wp-block-column is-vertically-aligned-center\" style=\"flex-basis:50%\">\n<figure class=\"wp-block-image size-large is-resized\"><img decoding=\"async\" loading=\"lazy\" src=\"http:\/\/www.kolarikorjaamomattila.fi\/wp-content\/uploads\/2021\/06\/Mattilaoy-edited.jpg\" alt=\"\" class=\"wp-image-121\" width=\"515\" height=\"349\"\/><\/figure>\n<\/div>\n\n\n\n<div class=\"is-layout-flow wp-block-column is-vertically-aligned-center\" style=\"flex-basis:50%\">\n<p class=\"has-text-align-right has-neve-link-color-color has-text-color\" style=\"font-size:22px\">Alunperin kolarikorjaamo on perustettu jo vuonna 1978, josta asti se on palvellut luottamuksellisesti asiakkaitaan laadusta tinkim\u00e4tt\u00e4. Yritys siirtyi vuoden 2021 alusta perheen sis\u00e4ll\u00e4 uusille omistajilleen, Kimmolle ja Marjutille. Kolarikorjaamolla itsell\u00e4\u00e4n on takanaan yli 40 vuotta ja nykyisill\u00e4 omistajilla yli 20:n vuoden edest\u00e4 kokemusta. Lupaamme jatkaa tutun kolarikorjaamon menestyksek\u00e4st\u00e4 polkua eteenp\u00e4in ja pid\u00e4mme huolen siit\u00e4 ett\u00e4 asiakkaamme pysyv\u00e4t toimintamme keski\u00f6ss\u00e4. Pyrimme aina toteuttamaan asiakkaidemme toiveet parhaamme mukaan. T\u00e4m\u00e4n ajatuksen siivitt\u00e4m\u00e4n\u00e4 olemme autojen lis\u00e4ksi korjanneet mm. ikkunoiden karmeja ja muovikylttej\u00e4. Mottomme onkin &#8221;Hyv\u00e4\u00e4 koitetaan, mutta priimaa tuppaa tulemaan&#8221;.<\/p>\n<\/div>\n<\/div>\n\n\n\n<div style=\"height:40px\" aria-hidden=\"true\" class=\"wp-block-spacer\"><\/div>\n<\/div><\/div>\n<\/div><\/div>\n\n\n\n<div class=\"wp-block-cover alignfull has-neve-link-hover-color-background-color has-background-dim\" style=\"min-height:600px\"><div class=\"wp-block-cover__inner-container\">\n<div class=\"is-layout-flow wp-block-group\"><div class=\"wp-block-group__inner-container\">\n<div style=\"height:80px\" aria-hidden=\"true\" class=\"wp-block-spacer\"><\/div>\n\n\n\n<h2 class=\"has-neve-link-color-color has-text-color\"><span class=\"has-inline-color has-neve-link-color-color\">Yrityksemme arvot<\/span><\/h2>\n\n\n\n<div class=\"is-layout-flex wp-container-8 wp-block-columns are-vertically-aligned-center\">\n<div class=\"is-layout-flow wp-block-column is-vertically-aligned-center\" style=\"flex-basis:50%\">\n<p class=\"has-neve-link-color-color has-text-color\" style=\"font-size:22px\">Meille t\u00e4rkeint\u00e4 ovat erityisesti asiakkaidemme toiveiden kuuntelu, laadukas ty\u00f6nj\u00e4lki ja asiakastyytyv\u00e4isyys. Arvomme n\u00e4kyv\u00e4t mm. k\u00e4ytt\u00e4miss\u00e4mme materiaaleissa kuten laadukkaissa Standox maaleissa, joustavuudessa t\u00f6iden suhteen ja tyytyv\u00e4isess\u00e4 palautteessa. Panostamme ty\u00f6n laadun lis\u00e4ksi asiakaspalveluun tarjoamalla mahdollisuuden sopia ett\u00e4 hoidamme ajoneuvon haun ja palautuksen puolestasi.<\/p>\n\n\n\n<div style=\"height:20px\" aria-hidden=\"true\" class=\"wp-block-spacer\"><\/div>\n<\/div>\n\n\n\n<div class=\"is-layout-flow wp-block-column is-vertically-aligned-center\" style=\"flex-basis:50%\">\n<figure class=\"wp-block-image size-large is-resized\"><img decoding=\"async\" loading=\"lazy\" src=\"http:\/\/www.kolarikorjaamomattila.fi\/wp-content\/uploads\/2021\/06\/shutterstock_618006542-1024x683.jpg\" alt=\"\" class=\"wp-image-122\" width=\"644\" height=\"429\" srcset=\"https:\/\/www.kolarikorjaamomattila.fi\/wp-content\/uploads\/2021\/06\/shutterstock_618006542-1024x683.jpg 1024w, https:\/\/www.kolarikorjaamomattila.fi\/wp-content\/uploads\/2021\/06\/shutterstock_618006542-300x200.jpg 300w, https:\/\/www.kolarikorjaamomattila.fi\/wp-content\/uploads\/2021\/06\/shutterstock_618006542-768x513.jpg 768w, https:\/\/www.kolarikorjaamomattila.fi\/wp-content\/uploads\/2021\/06\/shutterstock_618006542-1536x1025.jpg 1536w, https:\/\/www.kolarikorjaamomattila.fi\/wp-content\/uploads\/2021\/06\/shutterstock_618006542-2048x1367.jpg 2048w, https:\/\/www.kolarikorjaamomattila.fi\/wp-content\/uploads\/2021\/06\/shutterstock_618006542-930x620.jpg 930w\" sizes=\"(max-width: 644px) 100vw, 644px\" \/><\/figure>\n<\/div>\n<\/div>\n\n\n\n<div style=\"height:40px\" aria-hidden=\"true\" class=\"wp-block-spacer\"><\/div>\n<\/div><\/div>\n<\/div><\/div>\n","protected":false},"excerpt":{"rendered":"","protected":false},"author":1,"featured_media":0,"parent":0,"menu_order":0,"comment_status":"closed","ping_status":"closed","template":"","meta":{"neve_meta_sidebar":"","neve_meta_container":"","neve_meta_enable_content_width":"on","neve_meta_content_width":100,"neve_meta_title_alignment":"","neve_meta_author_avatar":"","neve_post_elements_order":"","neve_meta_disable_header":"","neve_meta_disable_footer":"","neve_meta_disable_title":"on"},"_links":{"self":[{"href":"https:\/\/www.kolarikorjaamomattila.fi\/index.php\/wp-json\/wp\/v2\/pages\/8"}],"collection":[{"href":"https:\/\/www.kolarikorjaamomattila.fi\/index.php\/wp-json\/wp\/v2\/pages"}],"about":[{"href":"https:\/\/www.kolarikorjaamomattila.fi\/index.php\/wp-json\/wp\/v2\/types\/page"}],"author":[{"embeddable":true,"href":"https:\/\/www.kolarikorjaamomattila.fi\/index.php\/wp-json\/wp\/v2\/users\/1"}],"replies":[{"embeddable":true,"href":"https:\/\/www.kolarikorjaamomattila.fi\/index.php\/wp-json\/wp\/v2\/comments?post=8"}],"version-history":[{"count":8,"href":"https:\/\/www.kolarikorjaamomattila.fi\/index.php\/wp-json\/wp\/v2\/pages\/8\/revisions"}],"predecessor-version":[{"id":157,"href":"https:\/\/www.kolarikorjaamomattila.fi\/index.php\/wp-json\/wp\/v2\/pages\/8\/revisions\/157"}],"wp:attachment":[{"href":"https:\/\/www.kolarikorjaamomattila.fi\/index.php\/wp-json\/wp\/v2\/media?parent=8"}],"curies":[{"name":"wp","href":"https:\/\/api.w.org\/{rel}","templated":true}]}}